{"id":1571,"date":"2026-04-21T16:19:35","date_gmt":"2026-04-21T14:19:35","guid":{"rendered":"https:\/\/paulwild.frings-medienservice.de\/?page_id=1571"},"modified":"2026-04-27T13:37:30","modified_gmt":"2026-04-27T11:37:30","slug":"karriere","status":"publish","type":"page","link":"https:\/\/paulwild.com\/fr\/karriere\/","title":{"rendered":"Karriere"},"content":{"rendered":"<div data-elementor-type=\"wp-page\" data-elementor-id=\"1571\" class=\"elementor elementor-1571\" data-elementor-post-type=\"page\">\n\t\t\t\t<div class=\"elementor-element elementor-element-befa63a e-con-full e-flex e-con e-parent\" data-id=\"befa63a\" data-element_type=\"container\" data-e-type=\"container\">\n\t\t<div class=\"elementor-element elementor-element-ae0c71a e-con-full e-flex e-con e-child\" data-id=\"ae0c71a\" data-element_type=\"container\" data-e-type=\"container\" data-settings=\"{&quot;background_background&quot;:&quot;classic&quot;}\">\n\t\t\t\t<div class=\"elementor-element elementor-element-644f4cd elementor--h-position-center elementor--v-position-middle elementor-arrows-position-inside elementor-pagination-position-inside elementor-widget elementor-widget-slides\" data-id=\"644f4cd\" data-element_type=\"widget\" data-e-type=\"widget\" data-settings=\"{&quot;navigation&quot;:&quot;both&quot;,&quot;autoplay&quot;:&quot;yes&quot;,&quot;pause_on_hover&quot;:&quot;yes&quot;,&quot;pause_on_interaction&quot;:&quot;yes&quot;,&quot;autoplay_speed&quot;:5000,&quot;infinite&quot;:&quot;yes&quot;,&quot;transition&quot;:&quot;slide&quot;,&quot;transition_speed&quot;:500}\" data-widget_type=\"slides.default\">\n\t\t\t\t\t\t\t\t\t\t<div class=\"elementor-slides-wrapper elementor-main-swiper swiper\" role=\"region\" aria-roledescription=\"carousel\" aria-label=\"Slider\" dir=\"ltr\" data-animation=\"fadeInUp\">\n\t\t\t\t<div class=\"swiper-wrapper elementor-slides\">\n\t\t\t\t\t\t\t\t\t\t<div class=\"elementor-repeater-item-1c58727 swiper-slide\" role=\"group\" aria-roledescription=\"slide\"><div class=\"swiper-slide-bg\" role=\"img\" aria-label=\"1776854232501-ecz3vd4 (1)\"><\/div><div class=\"elementor-background-overlay\"><\/div><div class=\"swiper-slide-inner\" ><div class=\"swiper-slide-contents\"><div class=\"elementor-slide-heading\">Working @Paul Wild<\/div><div class=\"elementor-slide-description\">Wir sind ein international t\u00e4tiges, mittelst\u00e4ndisches Unternehmen der Edelsteinbranche und gestalten seit fast 100 Jahren mit kreativen Ideen und innovativen Produkten den Markt.\nBei Paul Wild sind wir immer auf der Suche nach neuen Mitarbeitern\nund jungen Talenten, die mit uns ihre Zukunft gestalten wollen.<\/div><\/div><\/div><\/div><div class=\"elementor-repeater-item-92dc956 swiper-slide\" role=\"group\" aria-roledescription=\"slide\"><div class=\"swiper-slide-bg elementor-ken-burns elementor-ken-burns--in\" role=\"img\" aria-label=\"Young Chinese businessman using laptop in office\"><\/div><div class=\"elementor-background-overlay\"><\/div><a class=\"swiper-slide-inner\" href=\"https:\/\/paulwild.com\/fr\/jobs\/\"><div class=\"swiper-slide-contents\"><div class=\"elementor-slide-heading\">Aktuelle Stellenangebote<\/div><div class=\"elementor-slide-description\">Sie m\u00f6chten Teil unseres Teams sein? Werfen Sie einen Blick auf unsere aktuellen Stellenausschreibungen.<\/div><div  class=\"elementor-button elementor-slide-button elementor-size-sm\">Click Here<\/div><\/div><\/a><\/div><div class=\"elementor-repeater-item-442105f swiper-slide\" role=\"group\" aria-roledescription=\"slide\"><div class=\"swiper-slide-bg elementor-ken-burns elementor-ken-burns--in\" role=\"img\" aria-label=\"DSC_0114.jpg\"><\/div><div class=\"elementor-background-overlay\"><\/div><a class=\"swiper-slide-inner\" href=\"https:\/\/paulwild.com\/fr\/ausbildung\/\"><div class=\"swiper-slide-contents\"><div class=\"elementor-slide-heading\">Ausbildung und Praktikum<\/div><div class=\"elementor-slide-description\">Die F\u00f6rderung junger Menschen ist uns sehr wichtig. Deshalb bilden wir bei Paul Wild seit 40 Jahren Lehrlinge aus.<\/div><div  class=\"elementor-button elementor-slide-button elementor-size-sm\">Mehr erfahren<\/div><\/div><\/a><\/div>\t\t\t\t<\/div>\n\t\t\t\t\t\t\t\t\t\t\t\t\t\t\t<div class=\"elementor-swiper-button elementor-swiper-button-prev\" role=\"button\" tabindex=\"0\" aria-label=\"Vorheriger Slide\">\n\t\t\t\t\t\t\t<svg aria-hidden=\"true\" class=\"e-font-icon-svg e-eicon-chevron-left\" viewbox=\"0 0 1000 1000\" xmlns=\"http:\/\/www.w3.org\/2000\/svg\"><path d=\"M646 125C629 125 613 133 604 142L308 442C296 454 292 471 292 487 292 504 296 521 308 533L604 854C617 867 629 875 646 875 663 875 679 871 692 858 704 846 713 829 713 812 713 796 708 779 692 767L438 487 692 225C700 217 708 204 708 187 708 171 704 154 692 142 675 129 663 125 646 125Z\"><\/path><\/svg>\t\t\t\t\t\t<\/div>\n\t\t\t\t\t\t<div class=\"elementor-swiper-button elementor-swiper-button-next\" role=\"button\" tabindex=\"0\" aria-label=\"N\u00e4chster Slide\">\n\t\t\t\t\t\t\t<svg aria-hidden=\"true\" class=\"e-font-icon-svg e-eicon-chevron-right\" viewbox=\"0 0 1000 1000\" xmlns=\"http:\/\/www.w3.org\/2000\/svg\"><path d=\"M696 533C708 521 713 504 713 487 713 471 708 454 696 446L400 146C388 133 375 125 354 125 338 125 325 129 313 142 300 154 292 171 292 187 292 204 296 221 308 233L563 492 304 771C292 783 288 800 288 817 288 833 296 850 308 863 321 871 338 875 354 875 371 875 388 867 400 854L696 533Z\"><\/path><\/svg>\t\t\t\t\t\t<\/div>\n\t\t\t\t\t\t\t\t\t\t\t\t\t\t\t\t<div class=\"swiper-pagination\"><\/div>\n\t\t\t\t\t\t\t\t\t\t\t\t<\/div>\n\t\t\t\t\t\t\t\t<\/div>\n\t\t\t\t<div class=\"elementor-element elementor-element-40b95ed elementor-widget elementor-widget-spacer\" data-id=\"40b95ed\" data-element_type=\"widget\" data-e-type=\"widget\" data-widget_type=\"spacer.default\">\n\t\t\t\t\t\t\t<div class=\"elementor-spacer\">\n\t\t\t<div class=\"elementor-spacer-inner\"><\/div>\n\t\t<\/div>\n\t\t\t\t\t\t<\/div>\n\t\t<div class=\"elementor-element elementor-element-bd3c11e e-con-full e-flex e-con e-child\" data-id=\"bd3c11e\" data-element_type=\"container\" data-e-type=\"container\">\n\t\t\t\t<div class=\"elementor-element elementor-element-fe5becb elementor-widget elementor-widget-heading\" data-id=\"fe5becb\" data-element_type=\"widget\" data-e-type=\"widget\" data-widget_type=\"heading.default\">\n\t\t\t\t\t<h2 class=\"elementor-heading-title elementor-size-default\">Working @Paul Wild<\/h2>\t\t\t\t<\/div>\n\t\t\t\t<div class=\"elementor-element elementor-element-32d1e51 elementor-widget elementor-widget-text-editor\" data-id=\"32d1e51\" data-element_type=\"widget\" data-e-type=\"widget\" data-widget_type=\"text-editor.default\">\n\t\t\t\t\t\t\t\t\t<p>Wir sind ein Familienunternehmen mit flacher Hierarchie und kurzen Dienstwegen. Neben interessanten und vielf\u00e4ltigen Aufgaben im In- und Ausland (bspw. auf Messen) stellen wir ein modernes Arbeitsumfeld zur Verf\u00fcgung, egal ob in der hauseigenen Schleiferei oder in der Verwaltung.<\/p><p>Seit \u00fcber 40 Jahren sind wir als Ausbildungsbetrieb t\u00e4tig und bieten zudem unseren Mitarbeitern interne bzw. externe Weiterbildungen, sowie individuelles Coaching.<\/p><p>Zus\u00e4tzlich zu einer leistungsgerechten Verg\u00fctung und monatlichen Benefits wie bspw. Tankgutscheine und Pr\u00e4mien, besteht die M\u00f6glichkeit einer betrieblichen Altersvorsorge. Zu Geburtstagen, Jubil\u00e4en, Weihnachten etc. erhalten unsere Mitarbeiter freiwillige Aufmerksamkeiten.<\/p><p>Zur Unterst\u00fctzung der Work-Life-Balance bieten wir ein flexibles Arbeitszeitmodell in Form einer Gleitzeitreglung an. Zus\u00e4tzlich f\u00fchren wir Teambuildingma\u00dfnahmen und Mitarbeiterevents (z.B. Firmenfeiern, Betriebsausfl\u00fcge) durch um den pers\u00f6nlichen Kontakt zu unseren Mitarbeitern und den Zusammenhalt zu st\u00e4rken.<\/p><p>Je nach Position erhalten unsere Mitarbeiter einen Firmenlaptop und\/ oder ein Firmenhandy.<\/p><p>M\u00f6chten Sie gerne ein Teil unseres Unternehmens werden? Schauen Sie sich unsere aktuellen Stellenangebotean, vielleicht ist auch Ihr Traumjob dabei.<\/p><p>Wir freuen uns auf Ihre Bewerbung!<\/p>\t\t\t\t\t\t\t\t<\/div>\n\t\t<div class=\"elementor-element elementor-element-da0ff2a e-con-full e-flex e-con e-child\" data-id=\"da0ff2a\" data-element_type=\"container\" data-e-type=\"container\">\n\t\t<div class=\"elementor-element elementor-element-797839a e-con-full e-flex e-con e-child\" data-id=\"797839a\" data-element_type=\"container\" data-e-type=\"container\">\n\t\t\t\t<div class=\"elementor-element elementor-element-71f2ec2 elementor-align-center elementor-widget elementor-widget-button\" data-id=\"71f2ec2\" data-element_type=\"widget\" data-e-type=\"widget\" data-widget_type=\"button.default\">\n\t\t\t\t\t\t\t\t\t\t<a class=\"elementor-button elementor-button-link elementor-size-sm\" href=\"https:\/\/paulwild.com\/fr\/karriere\/jobs\/\">\n\t\t\t\t\t\t<span class=\"elementor-button-content-wrapper\">\n\t\t\t\t\t\t<span class=\"elementor-button-icon\">\n\t\t\t\t<svg aria-hidden=\"true\" class=\"e-font-icon-svg e-fas-users\" viewbox=\"0 0 640 512\" xmlns=\"http:\/\/www.w3.org\/2000\/svg\"><path d=\"M96 224c35.3 0 64-28.7 64-64s-28.7-64-64-64-64 28.7-64 64 28.7 64 64 64zm448 0c35.3 0 64-28.7 64-64s-28.7-64-64-64-64 28.7-64 64 28.7 64 64 64zm32 32h-64c-17.6 0-33.5 7.1-45.1 18.6 40.3 22.1 68.9 62 75.1 109.4h66c17.7 0 32-14.3 32-32v-32c0-35.3-28.7-64-64-64zm-256 0c61.9 0 112-50.1 112-112S381.9 32 320 32 208 82.1 208 144s50.1 112 112 112zm76.8 32h-8.3c-20.8 10-43.9 16-68.5 16s-47.6-6-68.5-16h-8.3C179.6 288 128 339.6 128 403.2V432c0 26.5 21.5 48 48 48h288c26.5 0 48-21.5 48-48v-28.8c0-63.6-51.6-115.2-115.2-115.2zm-223.7-13.4C161.5 263.1 145.6 256 128 256H64c-35.3 0-64 28.7-64 64v32c0 17.7 14.3 32 32 32h65.9c6.3-47.4 34.9-87.3 75.2-109.4z\"><\/path><\/svg>\t\t\t<\/span>\n\t\t\t\t\t\t\t\t\t<span class=\"elementor-button-text\">aktuelle Stellenangebote<\/span>\n\t\t\t\t\t<\/span>\n\t\t\t\t\t<\/a>\n\t\t\t\t\t\t\t\t<\/div>\n\t\t\t\t<\/div>\n\t\t<div class=\"elementor-element elementor-element-e88d56a e-con-full e-flex e-con e-child\" data-id=\"e88d56a\" data-element_type=\"container\" data-e-type=\"container\">\n\t\t\t\t<div class=\"elementor-element elementor-element-9f77340 elementor-align-center elementor-widget elementor-widget-button\" data-id=\"9f77340\" data-element_type=\"widget\" data-e-type=\"widget\" data-widget_type=\"button.default\">\n\t\t\t\t\t\t\t\t\t\t<a class=\"elementor-button elementor-button-link elementor-size-sm\" href=\"https:\/\/paulwild.com\/fr\/karriere\/ausbildung\/\">\n\t\t\t\t\t\t<span class=\"elementor-button-content-wrapper\">\n\t\t\t\t\t\t<span class=\"elementor-button-icon\">\n\t\t\t\t<svg aria-hidden=\"true\" class=\"e-font-icon-svg e-fas-graduation-cap\" viewbox=\"0 0 640 512\" xmlns=\"http:\/\/www.w3.org\/2000\/svg\"><path d=\"M622.34 153.2L343.4 67.5c-15.2-4.67-31.6-4.67-46.79 0L17.66 153.2c-23.54 7.23-23.54 38.36 0 45.59l48.63 14.94c-10.67 13.19-17.23 29.28-17.88 46.9C38.78 266.15 32 276.11 32 288c0 10.78 5.68 19.85 13.86 25.65L20.33 428.53C18.11 438.52 25.71 448 35.94 448h56.11c10.24 0 17.84-9.48 15.62-19.47L82.14 313.65C90.32 307.85 96 298.78 96 288c0-11.57-6.47-21.25-15.66-26.87.76-15.02 8.44-28.3 20.69-36.72L296.6 284.5c9.06 2.78 26.44 6.25 46.79 0l278.95-85.7c23.55-7.24 23.55-38.36 0-45.6zM352.79 315.09c-28.53 8.76-52.84 3.92-65.59 0l-145.02-44.55L128 384c0 35.35 85.96 64 192 64s192-28.65 192-64l-14.18-113.47-145.03 44.56z\"><\/path><\/svg>\t\t\t<\/span>\n\t\t\t\t\t\t\t\t\t<span class=\"elementor-button-text\">Ausbildung und Praktikum<\/span>\n\t\t\t\t\t<\/span>\n\t\t\t\t\t<\/a>\n\t\t\t\t\t\t\t\t<\/div>\n\t\t\t\t<\/div>\n\t\t\t\t<\/div>\n\t\t\t\t<\/div>\n\t\t\t\t<div class=\"elementor-element elementor-element-be83f47 elementor-widget elementor-widget-spacer\" data-id=\"be83f47\" data-element_type=\"widget\" data-e-type=\"widget\" data-widget_type=\"spacer.default\">\n\t\t\t\t\t\t\t<div class=\"elementor-spacer\">\n\t\t\t<div class=\"elementor-spacer-inner\"><\/div>\n\t\t<\/div>\n\t\t\t\t\t\t<\/div>\n\t\t\t\t<\/div>\n\t\t\t\t<\/div>\n\t\t<div class=\"elementor-element elementor-element-d28a11d e-con-full e-flex e-con e-parent\" data-id=\"d28a11d\" data-element_type=\"container\" data-e-type=\"container\">\n\t\t\t\t<div class=\"elementor-element elementor-element-dd6560f elementor-widget elementor-widget-image\" data-id=\"dd6560f\" data-element_type=\"widget\" data-e-type=\"widget\" data-widget_type=\"image.default\">\n\t\t\t\t\t\t\t\t\t\t\t\t\t\t\t<img fetchpriority=\"high\" decoding=\"async\" width=\"2110\" height=\"904\" src=\"https:\/\/paulwild.com\/wp-content\/uploads\/2026\/04\/Gruppenfoto_Bearbeitet-Kopie-scaled_new.webp\" class=\"attachment-full size-full wp-image-1817\" alt=\"\" srcset=\"https:\/\/paulwild.com\/wp-content\/uploads\/2026\/04\/Gruppenfoto_Bearbeitet-Kopie-scaled_new.webp 2110w, https:\/\/paulwild.com\/wp-content\/uploads\/2026\/04\/Gruppenfoto_Bearbeitet-Kopie-scaled_new-300x129.webp 300w, https:\/\/paulwild.com\/wp-content\/uploads\/2026\/04\/Gruppenfoto_Bearbeitet-Kopie-scaled_new-1024x439.webp 1024w, https:\/\/paulwild.com\/wp-content\/uploads\/2026\/04\/Gruppenfoto_Bearbeitet-Kopie-scaled_new-768x329.webp 768w, https:\/\/paulwild.com\/wp-content\/uploads\/2026\/04\/Gruppenfoto_Bearbeitet-Kopie-scaled_new-1536x658.webp 1536w, https:\/\/paulwild.com\/wp-content\/uploads\/2026\/04\/Gruppenfoto_Bearbeitet-Kopie-scaled_new-2048x877.webp 2048w, https:\/\/paulwild.com\/wp-content\/uploads\/2026\/04\/Gruppenfoto_Bearbeitet-Kopie-scaled_new-18x8.webp 18w\" sizes=\"(max-width: 2110px) 100vw, 2110px\" \/>\t\t\t\t\t\t\t\t\t\t\t\t\t\t\t<\/div>\n\t\t\t\t<\/div>\n\t\t\t\t<\/div>","protected":false},"excerpt":{"rendered":"<p>Working @Paul WildWir sind ein international t\u00e4tiges, mittelst\u00e4ndisches Unternehmen der Edelsteinbranche und gestalten seit fast 100 Jahren mit kreativen Ideen und innovativen Produkten den Markt. Bei Paul Wild sind wir immer auf der Suche nach neuen Mitarbeitern und jungen Talenten, die mit uns ihre Zukunft gestalten wollen.Aktuelle StellenangeboteSie m\u00f6chten Teil unseres Teams sein? Werfen Sie [&hellip;]<\/p>\n","protected":false},"author":1,"featured_media":0,"parent":0,"menu_order":0,"comment_status":"closed","ping_status":"closed","template":"","meta":{"_acf_changed":false,"footnotes":""},"class_list":["post-1571","page","type-page","status-publish","hentry"],"acf":[],"yoast_head":"<!-- This site is optimized with the Yoast SEO plugin v27.5 - https:\/\/yoast.com\/product\/yoast-seo-wordpress\/ -->\n<title>Karriere - Paul Wild - Excellence in Gemstone Innovation<\/title>\n<meta name=\"robots\" content=\"index, follow, max-snippet:-1, max-image-preview:large, max-video-preview:-1\" \/>\n<link rel=\"canonical\" href=\"https:\/\/paulwild.com\/fr\/karriere\/\" \/>\n<meta property=\"og:locale\" content=\"fr_FR\" \/>\n<meta property=\"og:type\" content=\"article\" \/>\n<meta property=\"og:title\" content=\"Karriere - Paul Wild - Excellence in Gemstone Innovation\" \/>\n<meta property=\"og:description\" content=\"Working @Paul WildWir sind ein international t\u00e4tiges, mittelst\u00e4ndisches Unternehmen der Edelsteinbranche und gestalten seit fast 100 Jahren mit kreativen Ideen und innovativen Produkten den Markt. Bei Paul Wild sind wir immer auf der Suche nach neuen Mitarbeitern und jungen Talenten, die mit uns ihre Zukunft gestalten wollen.Aktuelle StellenangeboteSie m\u00f6chten Teil unseres Teams sein? Werfen Sie [&hellip;]\" \/>\n<meta property=\"og:url\" content=\"https:\/\/paulwild.com\/fr\/karriere\/\" \/>\n<meta property=\"og:site_name\" content=\"Paul Wild - Excellence in Gemstone Innovation\" \/>\n<meta property=\"article:modified_time\" content=\"2026-04-27T11:37:30+00:00\" \/>\n<meta property=\"og:image\" content=\"https:\/\/paulwild.com\/wp-content\/uploads\/2026\/04\/Gruppenfoto_Bearbeitet-Kopie-scaled_new.webp\" \/>\n<meta name=\"twitter:card\" content=\"summary_large_image\" \/>\n<meta name=\"twitter:label1\" content=\"Dur\u00e9e de lecture estim\u00e9e\" \/>\n\t<meta name=\"twitter:data1\" content=\"3 minutes\" \/>\n<script type=\"application\/ld+json\" class=\"yoast-schema-graph\">{\"@context\":\"https:\\\/\\\/schema.org\",\"@graph\":[{\"@type\":\"WebPage\",\"@id\":\"https:\\\/\\\/paulwild.com\\\/karriere\\\/\",\"url\":\"https:\\\/\\\/paulwild.com\\\/karriere\\\/\",\"name\":\"Karriere - Paul Wild - Excellence in Gemstone Innovation\",\"isPartOf\":{\"@id\":\"https:\\\/\\\/paulwild.com\\\/fr\\\/#website\"},\"primaryImageOfPage\":{\"@id\":\"https:\\\/\\\/paulwild.com\\\/karriere\\\/#primaryimage\"},\"image\":{\"@id\":\"https:\\\/\\\/paulwild.com\\\/karriere\\\/#primaryimage\"},\"thumbnailUrl\":\"https:\\\/\\\/paulwild.com\\\/wp-content\\\/uploads\\\/2026\\\/04\\\/Gruppenfoto_Bearbeitet-Kopie-scaled_new.webp\",\"datePublished\":\"2026-04-21T14:19:35+00:00\",\"dateModified\":\"2026-04-27T11:37:30+00:00\",\"breadcrumb\":{\"@id\":\"https:\\\/\\\/paulwild.com\\\/karriere\\\/#breadcrumb\"},\"inLanguage\":\"fr-FR\",\"potentialAction\":[{\"@type\":\"ReadAction\",\"target\":[\"https:\\\/\\\/paulwild.com\\\/karriere\\\/\"]}]},{\"@type\":\"ImageObject\",\"inLanguage\":\"fr-FR\",\"@id\":\"https:\\\/\\\/paulwild.com\\\/karriere\\\/#primaryimage\",\"url\":\"https:\\\/\\\/paulwild.com\\\/wp-content\\\/uploads\\\/2026\\\/04\\\/Gruppenfoto_Bearbeitet-Kopie-scaled_new.webp\",\"contentUrl\":\"https:\\\/\\\/paulwild.com\\\/wp-content\\\/uploads\\\/2026\\\/04\\\/Gruppenfoto_Bearbeitet-Kopie-scaled_new.webp\"},{\"@type\":\"BreadcrumbList\",\"@id\":\"https:\\\/\\\/paulwild.com\\\/karriere\\\/#breadcrumb\",\"itemListElement\":[{\"@type\":\"ListItem\",\"position\":1,\"name\":\"Start\",\"item\":\"https:\\\/\\\/paulwild.com\\\/fr\\\/\"},{\"@type\":\"ListItem\",\"position\":2,\"name\":\"Karriere\"}]},{\"@type\":\"WebSite\",\"@id\":\"https:\\\/\\\/paulwild.com\\\/fr\\\/#website\",\"url\":\"https:\\\/\\\/paulwild.com\\\/fr\\\/\",\"name\":\"Paul Wild - Excellence in Gemstone Innovation\",\"description\":\"\",\"potentialAction\":[{\"@type\":\"SearchAction\",\"target\":{\"@type\":\"EntryPoint\",\"urlTemplate\":\"https:\\\/\\\/paulwild.com\\\/fr\\\/?s={search_term_string}\"},\"query-input\":{\"@type\":\"PropertyValueSpecification\",\"valueRequired\":true,\"valueName\":\"search_term_string\"}}],\"inLanguage\":\"fr-FR\"}]}<\/script>\n<!-- \/ Yoast SEO plugin. -->","yoast_head_json":{"title":"Karriere - Paul Wild - Excellence in Gemstone Innovation","robots":{"index":"index","follow":"follow","max-snippet":"max-snippet:-1","max-image-preview":"max-image-preview:large","max-video-preview":"max-video-preview:-1"},"canonical":"https:\/\/paulwild.com\/fr\/karriere\/","og_locale":"fr_FR","og_type":"article","og_title":"Karriere - Paul Wild - Excellence in Gemstone Innovation","og_description":"Working @Paul WildWir sind ein international t\u00e4tiges, mittelst\u00e4ndisches Unternehmen der Edelsteinbranche und gestalten seit fast 100 Jahren mit kreativen Ideen und innovativen Produkten den Markt. Bei Paul Wild sind wir immer auf der Suche nach neuen Mitarbeitern und jungen Talenten, die mit uns ihre Zukunft gestalten wollen.Aktuelle StellenangeboteSie m\u00f6chten Teil unseres Teams sein? Werfen Sie [&hellip;]","og_url":"https:\/\/paulwild.com\/fr\/karriere\/","og_site_name":"Paul Wild - Excellence in Gemstone Innovation","article_modified_time":"2026-04-27T11:37:30+00:00","og_image":[{"url":"https:\/\/paulwild.com\/wp-content\/uploads\/2026\/04\/Gruppenfoto_Bearbeitet-Kopie-scaled_new.webp","type":"","width":"","height":""}],"twitter_card":"summary_large_image","twitter_misc":{"Dur\u00e9e de lecture estim\u00e9e":"3 minutes"},"schema":{"@context":"https:\/\/schema.org","@graph":[{"@type":"WebPage","@id":"https:\/\/paulwild.com\/karriere\/","url":"https:\/\/paulwild.com\/karriere\/","name":"Karriere - Paul Wild - Excellence in Gemstone Innovation","isPartOf":{"@id":"https:\/\/paulwild.com\/fr\/#website"},"primaryImageOfPage":{"@id":"https:\/\/paulwild.com\/karriere\/#primaryimage"},"image":{"@id":"https:\/\/paulwild.com\/karriere\/#primaryimage"},"thumbnailUrl":"https:\/\/paulwild.com\/wp-content\/uploads\/2026\/04\/Gruppenfoto_Bearbeitet-Kopie-scaled_new.webp","datePublished":"2026-04-21T14:19:35+00:00","dateModified":"2026-04-27T11:37:30+00:00","breadcrumb":{"@id":"https:\/\/paulwild.com\/karriere\/#breadcrumb"},"inLanguage":"fr-FR","potentialAction":[{"@type":"ReadAction","target":["https:\/\/paulwild.com\/karriere\/"]}]},{"@type":"ImageObject","inLanguage":"fr-FR","@id":"https:\/\/paulwild.com\/karriere\/#primaryimage","url":"https:\/\/paulwild.com\/wp-content\/uploads\/2026\/04\/Gruppenfoto_Bearbeitet-Kopie-scaled_new.webp","contentUrl":"https:\/\/paulwild.com\/wp-content\/uploads\/2026\/04\/Gruppenfoto_Bearbeitet-Kopie-scaled_new.webp"},{"@type":"BreadcrumbList","@id":"https:\/\/paulwild.com\/karriere\/#breadcrumb","itemListElement":[{"@type":"ListItem","position":1,"name":"Start","item":"https:\/\/paulwild.com\/fr\/"},{"@type":"ListItem","position":2,"name":"Karriere"}]},{"@type":"WebSite","@id":"https:\/\/paulwild.com\/fr\/#website","url":"https:\/\/paulwild.com\/fr\/","name":"Paul Wild - Excellence in Gemstone Innovation","description":"","potentialAction":[{"@type":"SearchAction","target":{"@type":"EntryPoint","urlTemplate":"https:\/\/paulwild.com\/fr\/?s={search_term_string}"},"query-input":{"@type":"PropertyValueSpecification","valueRequired":true,"valueName":"search_term_string"}}],"inLanguage":"fr-FR"}]}},"_links":{"self":[{"href":"https:\/\/paulwild.com\/fr\/wp-json\/wp\/v2\/pages\/1571","targetHints":{"allow":["GET"]}}],"collection":[{"href":"https:\/\/paulwild.com\/fr\/wp-json\/wp\/v2\/pages"}],"about":[{"href":"https:\/\/paulwild.com\/fr\/wp-json\/wp\/v2\/types\/page"}],"author":[{"embeddable":true,"href":"https:\/\/paulwild.com\/fr\/wp-json\/wp\/v2\/users\/1"}],"replies":[{"embeddable":true,"href":"https:\/\/paulwild.com\/fr\/wp-json\/wp\/v2\/comments?post=1571"}],"version-history":[{"count":46,"href":"https:\/\/paulwild.com\/fr\/wp-json\/wp\/v2\/pages\/1571\/revisions"}],"predecessor-version":[{"id":1845,"href":"https:\/\/paulwild.com\/fr\/wp-json\/wp\/v2\/pages\/1571\/revisions\/1845"}],"wp:attachment":[{"href":"https:\/\/paulwild.com\/fr\/wp-json\/wp\/v2\/media?parent=1571"}],"curies":[{"name":"wp","href":"https:\/\/api.w.org\/{rel}","templated":true}]}}