{"id":3,"date":"2026-02-05T11:27:32","date_gmt":"2026-02-05T10:27:32","guid":{"rendered":"https:\/\/paulwild.frings-medienservice.de\/?page_id=3"},"modified":"2026-04-09T13:43:07","modified_gmt":"2026-04-09T11:43:07","slug":"datenschutzerklaerung","status":"publish","type":"page","link":"https:\/\/paulwild.com\/es\/datenschutzerklaerung\/","title":{"rendered":"Datenschutzerkl\u00e4rung"},"content":{"rendered":"<div data-elementor-type=\"wp-page\" data-elementor-id=\"3\" class=\"elementor elementor-3\" data-elementor-post-type=\"page\">\n\t\t\t\t<div class=\"elementor-element elementor-element-0b2b3c9 e-flex e-con-boxed e-con e-parent\" data-id=\"0b2b3c9\" data-element_type=\"container\" data-e-type=\"container\" data-settings=\"{&quot;background_background&quot;:&quot;classic&quot;}\">\n\t\t\t\t\t<div class=\"e-con-inner\">\n\t\t\t\t<div class=\"elementor-element elementor-element-bb8490f elementor-widget elementor-widget-heading\" data-id=\"bb8490f\" data-element_type=\"widget\" data-e-type=\"widget\" data-widget_type=\"heading.default\">\n\t\t\t\t\t<h1 class=\"elementor-heading-title elementor-size-default\">Datenschutzerkl\u00e4rung<\/h1>\t\t\t\t<\/div>\n\t\t\t\t\t<\/div>\n\t\t\t\t<\/div>\n\t\t<div class=\"elementor-element elementor-element-673e324 e-flex e-con-boxed e-con e-parent\" data-id=\"673e324\" data-element_type=\"container\" data-e-type=\"container\">\n\t\t\t\t\t<div class=\"e-con-inner\">\n\t\t\t\t<div class=\"elementor-element elementor-element-e0e6e8f elementor-widget elementor-widget-text-editor\" data-id=\"e0e6e8f\" data-element_type=\"widget\" data-e-type=\"widget\" data-widget_type=\"text-editor.default\">\n\t\t\t\t\t\t\t\t\t<div class=\"elementor-text-editor elementor-clearfix\"><h1>Datenschutzhinweise<\/h1><p>Personenbezogene Daten (im Folgenden meist nur &#8222;Daten&#8220; genannt) werden von uns nur im notwendigen Umfang und zum Zweck der Bereitstellung einer funktionalen und benutzerfreundlichen Website, einschlie\u00dflich ihrer Inhalte und der dort angebotenen Dienstleistungen, verarbeitet.<\/p><p>Nach Art. 4 Nr. 1 der Verordnung (EU) 2016\/679, d.h. der Allgemeinen Datenschutzverordnung (im Folgenden als &#8222;GDPR&#8220; bezeichnet), bezieht sich &#8222;Verarbeitung&#8220; auf jeden Vorgang oder jede Vorgangsreihe wie das Erheben, das Speichern, die Organisation, die Gliederung, die Aufbewahrung, die Anpassung, die Ver\u00e4nderung, das Wiederauffinden, das Abfragen, die Abfrage, die Benutzung, die Weitergabe durch \u00dcbermittlung, Verbreitung oder jede andere Form der Bereitstellung, die Kombination, die Einschr\u00e4nkung, die L\u00f6schung oder die Vernichtung personenbezogener Daten, unabh\u00e4ngig davon, ob sie mit automatisierten Mitteln erfolgt oder nicht.<\/p><p>Die folgende Datenschutzerkl\u00e4rung soll Sie insbesondere \u00fcber Art, Umfang, Zweck, Dauer und rechtliche Grundlage der Verarbeitung solcher Daten entweder unter unserer eigenen Kontrolle oder in Verbindung mit anderen informieren. Im Folgenden informieren wir Sie auch \u00fcber die Komponenten Dritter, die wir zur Optimierung unserer Website und zur Verbesserung der Benutzererfahrung verwenden, was dazu f\u00fchren kann, dass diese Dritten ebenfalls Daten verarbeiten, die sie sammeln und kontrollieren.<\/p><p>Unsere Datenschutzhinweise sind wie folgt strukturiert:<\/p><p>I. Informationen \u00fcber und als Verantwortliche f\u00fcr Ihre Daten<br>II. Die Rechte der Benutzer und der betroffenen Personen<br>III. Informationen \u00fcber die Datenverarbeitung<\/p><p><!-- 1. --><\/p><h2>I. Informationen \u00fcber und als Verantwortliche f\u00fcr Ihre Daten<\/h2><p>Die f\u00fcr diese Website verantwortliche Partei (der &#8222;f\u00fcr die Verarbeitung Verantwortliche&#8220;) im Sinne des Datenschutzrechts ist:<\/p><p>Paul Wild <span data-olk-copy-source=\"MessageBody\">Paul Wild GmbH &amp; Co. KG<\/span><br>Auf der Lay 2<br>55743 Kirschweiler<br>Deutschland<\/p><p>Telefon: +49 6781 93430<br>Fax: +49 6781 934343<br>Email: <a href=\"mailto:info@paul-wild.de\"> info@paul-wild.de <\/a><\/p><p>Der Datenschutzbeauftragte ist erreichbar unter:<br><a href=\"mailto:datenschutz@paul-wild.de\"> datenschutz@paul-wild.de <\/a><\/p><p><!-- 2. --><\/p><h2>II. Die Rechte der Benutzer und der betroffenen Personen<\/h2><p>Im Hinblick auf die im Folgenden n\u00e4her zu beschreibende Datenverarbeitung haben Nutzer und Betroffene das Recht<\/p><p>&#8211; zur Best\u00e4tigung, ob diesbez\u00fcgliche Daten bearbeitet werden, zur Information \u00fcber die bearbeiteten Daten, zu weiteren Informationen \u00fcber die Art der Datenbearbeitung sowie zu Kopien der Daten (vgl. auch Art. 15 BPR);<\/p><p>&#8211; unrichtige oder unvollst\u00e4ndige Daten zu berichtigen oder zu vervollst\u00e4ndigen (vgl. auch Art. 16 GDPR);<\/p><p>\u2022 to the immediate deletion of data concerning them (cf. also Art. 17 DSGVO), or, alternatively, if further processing is necessary as stipulated in Art. 17 Para. 3 GDPR, to restrict said processing per Art. 18 GDPR;<\/p><p>\u2022 to receive copies of the data concerning them and\/or provided by them and to have the same transmitted to other providers\/controllers (cf. also Art. 20 GDPR);<\/p><p>\u2022 to file complaints with the supervisory authority if they believe that data concerning them is being processed by the controller in breach of data protection provisions ( see also Art. 77 GDPR).<\/p><p>In addition, the controller is obliged to inform all recipients to whom it discloses data of any such corrections, deletions, or restrictions placed on processing the same per Art. 16, 17 Para. 1, 18 GDPR. However, this obligation does not apply if such notification is impossible or involves a disproportionate effort. Nevertheless, users have a right to information about these recipients.<\/p><p><strong> Likewise, under Art. 21 GDPR, users and data subjects have the right to object to the controller\u2019s future processing of their data pursuant to Art. 6 Para. 1 lit. f) GDPR. In particular, an objection to data processing for the purpose of direct advertising is permissible. <\/strong><\/p><h2>III. Informationen \u00fcber die Datenverarbeitung<\/h2><p>Your data processed when using our website will be deleted or blocked as soon as the purpose for its storage ceases to apply, provided the deletion of the same is not in breach of any statutory storage obligations or unless otherwise stipulated below.<\/p><p><!-- SERVER DATA --><\/p><h2>Server-Daten<\/h2><p>Aus technischen Gr\u00fcnden, insbesondere zur Gew\u00e4hrleistung einer sicheren und stabilen Website, werden folgende Daten, die Ihr Internet-Browser an uns oder unseren Server-Provider sendet, erfasst: Diese Server-Protokolldateien speichern den Typ und die Version Ihres Browsers, das Betriebssystem, die Website, von der Sie gekommen sind (Referrer-URL), die besuchten Seiten unserer Website, Datum und Uhrzeit Ihres Besuchs sowie die IP-Adresse, von der aus Sie unsere Website besucht haben.<\/p><p>Die so gesammelten Daten werden vor\u00fcbergehend gespeichert, jedoch nicht in Verbindung mit anderen Ihrer Daten. Grundlage f\u00fcr diese Speicherung ist Art. 6 Abs. 1 lit. f) DSGVO. Unser berechtigtes Interesse liegt in der Verbesserung, Stabilit\u00e4t, Funktionalit\u00e4t und Sicherheit unserer Website.<\/p><p>Die Daten werden innerhalb von nicht mehr als sieben Tagen gel\u00f6scht, es sei denn, eine weitere Speicherung ist zu Beweiszwecken erforderlich. In diesem Fall werden die Daten ganz oder teilweise von der L\u00f6schung ausgeschlossen, bis die Untersuchung des betreffenden Vorfalls endg\u00fcltig abgeschlossen ist.<\/p><p><!-- COOKIES --><\/p><h2>Cookies<\/h2><p><!-- a --><br><b>a) Sitzungs-Cookies<\/b><\/p><p>Auf unserer Website verwenden wir Cookies. Cookies sind kleine Textdateien oder andere Speichertechnologien, die von Ihrem Browser auf Ihrem Computer gespeichert werden. Diese Cookies verarbeiten bestimmte spezifische Informationen \u00fcber Sie, wie z.B. Ihren Browser, Standortdaten oder Ihre IP-Adresse.<\/p><p>Diese Verarbeitung macht unsere Website benutzerfreundlicher, effizienter und sicherer. So k\u00f6nnen wir beispielsweise unsere Website in verschiedenen Sprachen anzeigen oder eine Warenkorbfunktion anbieten.<\/p><p>Die rechtliche Grundlage f\u00fcr eine solche Verarbeitung ist Art. 6 Abs. 1 lit. b) DSGVO, soweit diese Cookies zur Erhebung von Daten zur Anbahnung oder Abwicklung von Vertragsverh\u00e4ltnissen verwendet werden.<\/p><p>Wenn die Verarbeitung nicht der Anbahnung oder Abwicklung eines Vertrages dient, liegt unser berechtigtes Interesse in der Verbesserung der Funktionalit\u00e4t unserer Website. Die rechtliche Grundlage ist dann Art. 6 Abs. 1 lit. f) DSGVO.<\/p><p>Wenn Sie Ihren Browser schlie\u00dfen, werden diese Session-Cookies gel\u00f6scht.<\/p><p><!-- b --><br><b>b) Cookies von Drittanbietern<\/b><\/p><p>Falls erforderlich, kann unsere Website auch Cookies von Unternehmen, mit denen wir zusammenarbeiten, zum Zwecke der Werbung, Analyse oder Verbesserung der Funktionen unserer Website verwenden.<\/p><p>Einzelheiten, insbesondere zur rechtlichen Grundlage und zum Zweck einer solchen Drittanbietererhebung und -verarbeitung von Daten, die mit Hilfe von Cookies erhoben wurden, entnehmen Sie bitte den folgenden Informationen.<\/p><p><!-- c --><br><b>c) Deaktivieren von Cookies<\/b><\/p><p>Sie k\u00f6nnen die Verwendung von Cookies ablehnen, indem Sie die Einstellungen Ihres Browsers \u00e4ndern. Ebenso k\u00f6nnen Sie den Browser verwenden, um bereits gespeicherte Cookies zu l\u00f6schen. Die erforderlichen Schritte und Massnahmen sind jedoch je nach verwendetem Browser unterschiedlich. Wenn Sie Fragen haben, benutzen Sie bitte die Hilfefunktion oder konsultieren Sie die Dokumentation Ihres Browsers oder wenden Sie sich an dessen Hersteller, um Unterst\u00fctzung zu erhalten. Die Einstellungen des Browsers k\u00f6nnen das Setzen von sogenannten Flash-Cookies nicht verhindern. Stattdessen m\u00fcssen Sie die Einstellung Ihres Flash-Players \u00e4ndern. Die daf\u00fcr notwendigen Schritte und Massnahmen h\u00e4ngen auch von dem von Ihnen verwendeten Flash-Player ab. Wenn Sie Fragen haben, benutzen Sie bitte die Hilfefunktion oder konsultieren Sie die Dokumentation Ihres Flash-Players oder wenden Sie sich an dessen Hersteller f\u00fcr Unterst\u00fctzung.<\/p><p>Wenn Sie die Installation von Cookies verhindern oder einschr\u00e4nken, sind m\u00f6glicherweise nicht alle Funktionen unserer Website voll nutzbar.<\/p><p><!-- NEWSLETTER --><\/p><p><!-- CONTACT --><\/p><h2>Kontakt<\/h2><p>Wenn Sie uns per E-Mail oder \u00fcber das Kontaktformular kontaktieren, werden die von Ihnen angegebenen Daten zum Zweck der Bearbeitung Ihrer Anfrage verwendet. Wir ben\u00f6tigen diese Daten, um Ihre Anfrage bearbeiten und beantworten zu k\u00f6nnen; andernfalls k\u00f6nnen wir sie nicht oder nicht vollst\u00e4ndig beantworten.<\/p><p>Die rechtliche Grundlage f\u00fcr diese Datenverarbeitung ist Art. 6 Abs. 1 lit. b) DSGVO.<\/p><p>Ihre Daten werden gel\u00f6scht, sobald wir Ihre Anfrage vollst\u00e4ndig beantwortet haben und keine weitere rechtliche Verpflichtung zur Speicherung Ihrer Daten besteht, z.B. wenn sich daraus ein Auftrag oder Vertrag ergibt.<\/p><p>SSL-\/TSL- Verschl\u00fcsselung<br>Um Ihre vertraulichen Daten und Ihre Privatsph\u00e4re bei jeglicher Kommunikation, die \u00fcber unsere Website \u00fcbertragen und verarbeitet wird, zu sch\u00fctzen, haben wir SSL-\/TSL-Verschl\u00fcsselung implementiert.<\/p><p><!-- GOOGLE ANALYTICS --><\/p><p><!-- GOOGLE FONTS --><\/p><h2>Google Fonts<\/h2><p>Unsere Website verwendet Google Fonts, um externe Schriften anzuzeigen. Dies ist ein Dienst, der von Google Ireland Limited, Gordon House, Barrow Street, Dublin 4, Irland (im Folgenden: Google) bereitgestellt wird.<\/p><p>Durch Zertifizierung nach dem EU-US Privacy Shield<br><a href=\"https:\/\/www.privacyshield.gov\/participant?id=a2zt000000001L5AAI&amp;status=Active\">https:\/\/www.privacyshield.gov\/participant?id=a2zt000000001L5AAI&amp;status=Active<\/a><br>garantiert Google, dass es bei der Datenverarbeitung in den Vereinigten Staaten die Datenschutzbestimmungen der EU einh\u00e4lt.<\/p><p>Um die Anzeige bestimmter Schriften auf unserer Website zu erm\u00f6glichen, wird bei jedem Zugriff auf unsere Website eine Verbindung zum Google-Server in den USA hergestellt.<\/p><p>Die gesetzliche Grundlage ist Art. 6 Abs. 1 lit. f) DSGVO. Unser berechtigtes Interesse liegt in der Optimierung und dem wirtschaftlichen Betrieb unseres Standortes.<\/p><p>Wenn Sie auf unsere Website zugreifen, wird eine Verbindung zu Google hergestellt, \u00fcber die Google erkennen kann, von welcher Website Ihre Anfrage gesendet wurde und an welche IP-Adresse die Schriften zur Anzeige \u00fcbertragen werden.<\/p><p>Google offers detailed information at:<br><a href=\"https:\/\/adssettings.google.com\/authenticated\">https:\/\/adssettings.google.com\/authenticated<\/a><br><a href=\"https:\/\/policies.google.com\/privacy\">https:\/\/policies.google.com\/privacy<\/a><br>in particular on options for preventing the use of data.<\/p><p><!-- YOUTUBE --><\/p><h2>YouTube<\/h2><p>Wir benutzen YouTube auf unserer Website. Hierbei handelt es sich um ein Videoportal, das von YouTube LLC, 901 Cherry Ave, 94066 San Bruno, CA, USA, betrieben wird und im Folgenden als &#8222;YouTube&#8220; bezeichnet wird.<\/p><p>YouTube is a subsidiary of Google Ireland Limited, Gordon House, Barrow Street, Dublin 4, Irland, hereinafter referred to as \u201cGoogle\u201d.<\/p><p>Durch Zertifizierung nach dem EU-US Privacy Shield<br><a href=\"https:\/\/www.privacyshield.gov\/participant?id=a2zt000000001L5AAI&amp;status=Active\">https:\/\/www.privacyshield.gov\/participant?id=a2zt000000001L5AAI&amp;status=Active<\/a><br>Google and its subsidiary YouTube guarantee that they will follow the EU\u2019s data protection regulations when processing data in the United States.<\/p><p>Wir verwenden YouTube in seinem erweiterten Datenschutzmodus, um Ihnen Videos zu zeigen. Die rechtliche Grundlage ist Art. 6 Abs. 1 lit. f) DSGVO. Unser berechtigtes Interesse liegt in der Verbesserung der Qualit\u00e4t unserer Website. Laut YouTube bedeutet der erweiterte Datenschutzmodus, dass die unten angegebenen Daten nur dann an den YouTube-Server \u00fcbermittelt werden, wenn Sie tats\u00e4chlich ein Video starten.<\/p><p>Ohne diesen Modus wird eine Verbindung zum YouTube-Server in den USA hergestellt, sobald Sie auf eine unserer Webseiten zugreifen, auf der ein YouTube-Video eingebettet ist.<\/p><p>Diese Verbindung wird ben\u00f6tigt, um das jeweilige Video auf unserer Website in Ihrem Browser anzeigen zu k\u00f6nnen. YouTube speichert und verarbeitet mindestens Ihre IP-Adresse, das Datum und die Uhrzeit, zu der das Video angezeigt wurde, sowie die von Ihnen besuchte Website. Dar\u00fcber hinaus wird eine Verbindung zum DoubleClick-Werbenetzwerk von Google hergestellt.<\/p><p>Wenn Sie beim Zugriff auf unsere Website bei YouTube angemeldet sind, weist YouTube die Verbindungsinformationen Ihrem YouTube-Konto zu. Um dies zu verhindern, m\u00fcssen Sie sich entweder vor dem Besuch unserer Website von YouTube abmelden oder die entsprechenden Einstellungen in Ihrem YouTube-Konto vornehmen.<\/p><p>Zum Zweck der Funktionalit\u00e4t und Analyse des Nutzungsverhaltens speichert YouTube \u00fcber Ihren Browser permanent Cookies auf Ihrem Ger\u00e4t. Sollten Sie mit dieser Verarbeitung nicht einverstanden sein, haben Sie die M\u00f6glichkeit, die Installation von Cookies durch entsprechende Einstellungen in Ihrem Browser zu verhindern. Weitere Einzelheiten finden Sie im Abschnitt \u00fcber Cookies weiter oben.<\/p><p>Weitere Informationen \u00fcber die Erfassung und Verwendung von Daten sowie Ihre Rechte und Schutzoptionen finden Sie in den Datenschutzbestimmungen von Google unter<\/p><p><a href=\"https:\/\/policies.google.com\/privacy\">https:\/\/policies.google.com\/privacy<\/a><\/p><p><a class=\"blank_button\" title=\"Zur\u00fcck zur Startseite\" href=\"https:\/\/paulwild.com\/de\/\">Back to Homepage<\/a><\/p><\/div>\t\t\t\t\t\t\t\t<\/div>\n\t\t\t\t\t<\/div>\n\t\t\t\t<\/div>\n\t\t\t\t<\/div>","protected":false},"excerpt":{"rendered":"<p>Datenschutzerkl\u00e4rung Datenschutzhinweise Personenbezogene Daten (im Folgenden meist nur &#8222;Daten&#8220; genannt) werden von uns nur im notwendigen Umfang und zum Zweck der Bereitstellung einer funktionalen und benutzerfreundlichen Website, einschlie\u00dflich ihrer Inhalte und der dort angebotenen Dienstleistungen, verarbeitet. Nach Art. 4 Nr. 1 der Verordnung (EU) 2016\/679, d.h. der Allgemeinen Datenschutzverordnung (im Folgenden als &#8222;GDPR&#8220; bezeichnet), bezieht [&hellip;]<\/p>\n","protected":false},"author":1,"featured_media":0,"parent":0,"menu_order":0,"comment_status":"closed","ping_status":"open","template":"","meta":{"_acf_changed":false,"footnotes":""},"class_list":["post-3","page","type-page","status-publish","hentry"],"acf":[],"yoast_head":"<!-- This site is optimized with the Yoast SEO plugin v27.5 - https:\/\/yoast.com\/product\/yoast-seo-wordpress\/ -->\n<title>Datenschutzerkl\u00e4rung - Paul Wild - Excellence in Gemstone Innovation<\/title>\n<meta name=\"robots\" content=\"index, follow, max-snippet:-1, max-image-preview:large, max-video-preview:-1\" \/>\n<link rel=\"canonical\" href=\"https:\/\/paulwild.com\/es\/datenschutzerklaerung\/\" \/>\n<meta property=\"og:locale\" content=\"es_ES\" \/>\n<meta property=\"og:type\" content=\"article\" \/>\n<meta property=\"og:title\" content=\"Datenschutzerkl\u00e4rung - Paul Wild - Excellence in Gemstone Innovation\" \/>\n<meta property=\"og:description\" content=\"Datenschutzerkl\u00e4rung Datenschutzhinweise Personenbezogene Daten (im Folgenden meist nur &#8222;Daten&#8220; genannt) werden von uns nur im notwendigen Umfang und zum Zweck der Bereitstellung einer funktionalen und benutzerfreundlichen Website, einschlie\u00dflich ihrer Inhalte und der dort angebotenen Dienstleistungen, verarbeitet. Nach Art. 4 Nr. 1 der Verordnung (EU) 2016\/679, d.h. der Allgemeinen Datenschutzverordnung (im Folgenden als &#8222;GDPR&#8220; bezeichnet), bezieht [&hellip;]\" \/>\n<meta property=\"og:url\" content=\"https:\/\/paulwild.com\/es\/datenschutzerklaerung\/\" \/>\n<meta property=\"og:site_name\" content=\"Paul Wild - Excellence in Gemstone Innovation\" \/>\n<meta property=\"article:modified_time\" content=\"2026-04-09T11:43:07+00:00\" \/>\n<meta name=\"twitter:card\" content=\"summary_large_image\" \/>\n<meta name=\"twitter:label1\" content=\"Tiempo de lectura\" \/>\n\t<meta name=\"twitter:data1\" content=\"10 minutos\" \/>\n<script type=\"application\/ld+json\" class=\"yoast-schema-graph\">{\"@context\":\"https:\\\/\\\/schema.org\",\"@graph\":[{\"@type\":\"WebPage\",\"@id\":\"https:\\\/\\\/paulwild.com\\\/es\\\/datenschutzerklaerung\\\/\",\"url\":\"https:\\\/\\\/paulwild.com\\\/es\\\/datenschutzerklaerung\\\/\",\"name\":\"Datenschutzerkl\u00e4rung - Paul Wild - Excellence in Gemstone Innovation\",\"isPartOf\":{\"@id\":\"https:\\\/\\\/paulwild.com\\\/fr\\\/#website\"},\"datePublished\":\"2026-02-05T10:27:32+00:00\",\"dateModified\":\"2026-04-09T11:43:07+00:00\",\"breadcrumb\":{\"@id\":\"https:\\\/\\\/paulwild.com\\\/es\\\/datenschutzerklaerung\\\/#breadcrumb\"},\"inLanguage\":\"es\",\"potentialAction\":[{\"@type\":\"ReadAction\",\"target\":[\"https:\\\/\\\/paulwild.com\\\/es\\\/datenschutzerklaerung\\\/\"]}]},{\"@type\":\"BreadcrumbList\",\"@id\":\"https:\\\/\\\/paulwild.com\\\/es\\\/datenschutzerklaerung\\\/#breadcrumb\",\"itemListElement\":[{\"@type\":\"ListItem\",\"position\":1,\"name\":\"Start\",\"item\":\"https:\\\/\\\/paulwild.com\\\/fr\\\/\"},{\"@type\":\"ListItem\",\"position\":2,\"name\":\"Datenschutzerkl\u00e4rung\"}]},{\"@type\":\"WebSite\",\"@id\":\"https:\\\/\\\/paulwild.com\\\/fr\\\/#website\",\"url\":\"https:\\\/\\\/paulwild.com\\\/fr\\\/\",\"name\":\"Paul Wild - Excellence in Gemstone Innovation\",\"description\":\"\",\"potentialAction\":[{\"@type\":\"SearchAction\",\"target\":{\"@type\":\"EntryPoint\",\"urlTemplate\":\"https:\\\/\\\/paulwild.com\\\/fr\\\/?s={search_term_string}\"},\"query-input\":{\"@type\":\"PropertyValueSpecification\",\"valueRequired\":true,\"valueName\":\"search_term_string\"}}],\"inLanguage\":\"es\"}]}<\/script>\n<!-- \/ Yoast SEO plugin. -->","yoast_head_json":{"title":"Datenschutzerkl\u00e4rung - Paul Wild - Excellence in Gemstone Innovation","robots":{"index":"index","follow":"follow","max-snippet":"max-snippet:-1","max-image-preview":"max-image-preview:large","max-video-preview":"max-video-preview:-1"},"canonical":"https:\/\/paulwild.com\/es\/datenschutzerklaerung\/","og_locale":"es_ES","og_type":"article","og_title":"Datenschutzerkl\u00e4rung - Paul Wild - Excellence in Gemstone Innovation","og_description":"Datenschutzerkl\u00e4rung Datenschutzhinweise Personenbezogene Daten (im Folgenden meist nur &#8222;Daten&#8220; genannt) werden von uns nur im notwendigen Umfang und zum Zweck der Bereitstellung einer funktionalen und benutzerfreundlichen Website, einschlie\u00dflich ihrer Inhalte und der dort angebotenen Dienstleistungen, verarbeitet. Nach Art. 4 Nr. 1 der Verordnung (EU) 2016\/679, d.h. der Allgemeinen Datenschutzverordnung (im Folgenden als &#8222;GDPR&#8220; bezeichnet), bezieht [&hellip;]","og_url":"https:\/\/paulwild.com\/es\/datenschutzerklaerung\/","og_site_name":"Paul Wild - Excellence in Gemstone Innovation","article_modified_time":"2026-04-09T11:43:07+00:00","twitter_card":"summary_large_image","twitter_misc":{"Tiempo de lectura":"10 minutos"},"schema":{"@context":"https:\/\/schema.org","@graph":[{"@type":"WebPage","@id":"https:\/\/paulwild.com\/es\/datenschutzerklaerung\/","url":"https:\/\/paulwild.com\/es\/datenschutzerklaerung\/","name":"Datenschutzerkl\u00e4rung - Paul Wild - Excellence in Gemstone Innovation","isPartOf":{"@id":"https:\/\/paulwild.com\/fr\/#website"},"datePublished":"2026-02-05T10:27:32+00:00","dateModified":"2026-04-09T11:43:07+00:00","breadcrumb":{"@id":"https:\/\/paulwild.com\/es\/datenschutzerklaerung\/#breadcrumb"},"inLanguage":"es","potentialAction":[{"@type":"ReadAction","target":["https:\/\/paulwild.com\/es\/datenschutzerklaerung\/"]}]},{"@type":"BreadcrumbList","@id":"https:\/\/paulwild.com\/es\/datenschutzerklaerung\/#breadcrumb","itemListElement":[{"@type":"ListItem","position":1,"name":"Start","item":"https:\/\/paulwild.com\/fr\/"},{"@type":"ListItem","position":2,"name":"Datenschutzerkl\u00e4rung"}]},{"@type":"WebSite","@id":"https:\/\/paulwild.com\/fr\/#website","url":"https:\/\/paulwild.com\/fr\/","name":"Paul Wild - Excellence in Gemstone Innovation","description":"","potentialAction":[{"@type":"SearchAction","target":{"@type":"EntryPoint","urlTemplate":"https:\/\/paulwild.com\/fr\/?s={search_term_string}"},"query-input":{"@type":"PropertyValueSpecification","valueRequired":true,"valueName":"search_term_string"}}],"inLanguage":"es"}]}},"_links":{"self":[{"href":"https:\/\/paulwild.com\/es\/wp-json\/wp\/v2\/pages\/3","targetHints":{"allow":["GET"]}}],"collection":[{"href":"https:\/\/paulwild.com\/es\/wp-json\/wp\/v2\/pages"}],"about":[{"href":"https:\/\/paulwild.com\/es\/wp-json\/wp\/v2\/types\/page"}],"author":[{"embeddable":true,"href":"https:\/\/paulwild.com\/es\/wp-json\/wp\/v2\/users\/1"}],"replies":[{"embeddable":true,"href":"https:\/\/paulwild.com\/es\/wp-json\/wp\/v2\/comments?post=3"}],"version-history":[{"count":9,"href":"https:\/\/paulwild.com\/es\/wp-json\/wp\/v2\/pages\/3\/revisions"}],"predecessor-version":[{"id":1399,"href":"https:\/\/paulwild.com\/es\/wp-json\/wp\/v2\/pages\/3\/revisions\/1399"}],"wp:attachment":[{"href":"https:\/\/paulwild.com\/es\/wp-json\/wp\/v2\/media?parent=3"}],"curies":[{"name":"wp","href":"https:\/\/api.w.org\/{rel}","templated":true}]}}